{"id":11,"date":"2023-05-13T11:40:17","date_gmt":"2023-05-13T11:40:17","guid":{"rendered":"http:\/\/vxmido.com\/?page_id=11"},"modified":"2023-06-08T15:36:11","modified_gmt":"2023-06-08T15:36:11","slug":"ein-homepage-abschnitt","status":"publish","type":"page","link":"https:\/\/vxmido.com\/de\/ein-homepage-abschnitt\/","title":{"rendered":"KOSTENKALKULATION DER N\u00c4CHSTEN GENERATION"},"content":{"rendered":"<p>Oft sind die Werkzeug- und Formkosten der ma\u00dfgebliche Kostenfaktor f\u00fcr den Endpreis eines Bauteils. Mit mido wird die Werkzeugkostenkalkulation zu einer m\u00fchelosen Aufgabe. Die Kombination aus visuell unterst\u00fctzter, regelbasierter Form- und Werkzeugkonfiguration und automatischer Erkennung von Kostentreibern in 3D-CAD-Modellen, erm\u00f6glicht es selbst unerfahrenen Nutzern, in k\u00fcrzester Zeit aussagekr\u00e4ftige Kalkulationen umzusetzen. <\/p>\n\n\n\n<p>\"Der richtige Preis immer schnell zur Hand\"<\/p>","protected":false},"excerpt":{"rendered":"<p>Managing costs is a key ability in modern product development projects. In the ever growing challenge of providing the right value at the right price, having transparency on costs as early as possible is often times the difference between failure and success. Looking at key technologies such as plastic injection molding, die casting or sheet &hellip; <\/p>\n<p class=\"link-more\"><a href=\"https:\/\/vxmido.com\/de\/ein-homepage-abschnitt\/\" class=\"more-link\"><span class=\"screen-reader-text\">\u201eNEXT GENERATION COSTING\u201c<\/span> weiterlesen<\/a><\/p>","protected":false},"author":1,"featured_media":55,"parent":0,"menu_order":0,"comment_status":"closed","ping_status":"closed","template":"","meta":{"footnotes":""},"class_list":["post-11","page","type-page","status-publish","has-post-thumbnail","hentry"],"_links":{"self":[{"href":"https:\/\/vxmido.com\/de\/wp-json\/wp\/v2\/pages\/11","targetHints":{"allow":["GET"]}}],"collection":[{"href":"https:\/\/vxmido.com\/de\/wp-json\/wp\/v2\/pages"}],"about":[{"href":"https:\/\/vxmido.com\/de\/wp-json\/wp\/v2\/types\/page"}],"author":[{"embeddable":true,"href":"https:\/\/vxmido.com\/de\/wp-json\/wp\/v2\/users\/1"}],"replies":[{"embeddable":true,"href":"https:\/\/vxmido.com\/de\/wp-json\/wp\/v2\/comments?post=11"}],"version-history":[{"count":4,"href":"https:\/\/vxmido.com\/de\/wp-json\/wp\/v2\/pages\/11\/revisions"}],"predecessor-version":[{"id":166,"href":"https:\/\/vxmido.com\/de\/wp-json\/wp\/v2\/pages\/11\/revisions\/166"}],"wp:featuredmedia":[{"embeddable":true,"href":"https:\/\/vxmido.com\/de\/wp-json\/wp\/v2\/media\/55"}],"wp:attachment":[{"href":"https:\/\/vxmido.com\/de\/wp-json\/wp\/v2\/media?parent=11"}],"curies":[{"name":"wp","href":"https:\/\/api.w.org\/{rel}","templated":true}]}}