{"id":64,"date":"2023-05-13T12:49:10","date_gmt":"2023-05-13T12:49:10","guid":{"rendered":"http:\/\/vxmido.com\/?page_id=64"},"modified":"2023-06-08T15:37:32","modified_gmt":"2023-06-08T15:37:32","slug":"agb-data-privacy","status":"publish","type":"page","link":"https:\/\/vxmido.com\/de\/agb-data-privacy\/","title":{"rendered":"AGB \/ DATA PRIVACY"},"content":{"rendered":"<blockquote class=\"wp-block-quote is-layout-flow wp-block-quote-is-layout-flow\">\n<p>General terms and conditions<\/p>\n<\/blockquote>\n\n\n\n<p><em>(please note that the terms and conditions are currently only available in German)<\/em><\/p>\n\n\n\n<hr class=\"wp-block-separator has-alpha-channel-opacity\"\/>\n\n\n\n<p>Allgemeine Gesch\u00e4ftsbedingungen der Teraport GmbH f\u00fcr die Erbringung von IT-Dienstleistungen gegen\u00fcber Unternehmen<\/p>\n\n\n\n<p><a href=\"http:\/\/teraport.de\/docs\/2008_06_30_AGB_Teraport.pdf\">Herunterladen<\/a>&nbsp;(53 KB)<\/p>\n\n\n\n<p>Allgemeine Gesch\u00e4ftsbedingungen f\u00fcr Lizenzvertr\u00e4ge des Lizenzgebers Teraport GmbH<\/p>\n\n\n\n<p><a href=\"http:\/\/teraport.de\/docs\/2008_06_30_AGB_Lizenzvertrag.pdf\">Herunterladen&nbsp;<\/a>(33 KB)<\/p>\n\n\n\n<hr class=\"wp-block-separator has-alpha-channel-opacity\"\/>\n\n\n\n<blockquote class=\"wp-block-quote is-layout-flow wp-block-quote-is-layout-flow\">\n<p>Data privacy notice<\/p>\n<\/blockquote>\n\n\n\n<p><em>(please note that the data privacy notice is currently only available in German)<\/em><\/p>\n\n\n\n<hr class=\"wp-block-separator has-alpha-channel-opacity\"\/>\n\n\n\n<p>Datenschutzerkl\u00e4rung der Teraport GmbH<\/p>\n\n\n\n<p><a href=\"http:\/\/teraport.de\/docs\/Datenschutzerklaerung_Teraport_180523.pdf\">Herunterladen&nbsp;<\/a>(33 KB)<\/p>","protected":false},"excerpt":{"rendered":"<p>General terms and conditions (please note that the terms and conditions are currently only available in German) Allgemeine Gesch\u00e4ftsbedingungen der Teraport GmbH f\u00fcr die Erbringung von IT-Dienstleistungen gegen\u00fcber Unternehmen Herunterladen&nbsp;(53 KB) Allgemeine Gesch\u00e4ftsbedingungen f\u00fcr Lizenzvertr\u00e4ge des Lizenzgebers Teraport GmbH Herunterladen&nbsp;(33 KB) Data privacy notice (please note that the data privacy notice is currently only available &hellip; <\/p>\n<p class=\"link-more\"><a href=\"https:\/\/vxmido.com\/de\/agb-data-privacy\/\" class=\"more-link\"><span class=\"screen-reader-text\">\u201eAGB \/ DATA PRIVACY\u201c<\/span> weiterlesen<\/a><\/p>","protected":false},"author":1,"featured_media":0,"parent":0,"menu_order":0,"comment_status":"closed","ping_status":"closed","template":"","meta":{"footnotes":""},"class_list":["post-64","page","type-page","status-publish","hentry"],"_links":{"self":[{"href":"https:\/\/vxmido.com\/de\/wp-json\/wp\/v2\/pages\/64","targetHints":{"allow":["GET"]}}],"collection":[{"href":"https:\/\/vxmido.com\/de\/wp-json\/wp\/v2\/pages"}],"about":[{"href":"https:\/\/vxmido.com\/de\/wp-json\/wp\/v2\/types\/page"}],"author":[{"embeddable":true,"href":"https:\/\/vxmido.com\/de\/wp-json\/wp\/v2\/users\/1"}],"replies":[{"embeddable":true,"href":"https:\/\/vxmido.com\/de\/wp-json\/wp\/v2\/comments?post=64"}],"version-history":[{"count":1,"href":"https:\/\/vxmido.com\/de\/wp-json\/wp\/v2\/pages\/64\/revisions"}],"predecessor-version":[{"id":172,"href":"https:\/\/vxmido.com\/de\/wp-json\/wp\/v2\/pages\/64\/revisions\/172"}],"wp:attachment":[{"href":"https:\/\/vxmido.com\/de\/wp-json\/wp\/v2\/media?parent=64"}],"curies":[{"name":"wp","href":"https:\/\/api.w.org\/{rel}","templated":true}]}}